{"id":3589,"date":"2024-09-17T14:53:10","date_gmt":"2024-09-17T14:53:10","guid":{"rendered":"https:\/\/www.gardenvillagebled.com\/?page_id=3589"},"modified":"2024-12-13T07:36:00","modified_gmt":"2024-12-13T07:36:00","slug":"darilni-boni","status":"publish","type":"page","link":"https:\/\/www.gardenvillagebled.com\/sl\/darilni-boni\/","title":{"rendered":"Darilni boni"},"content":{"rendered":"\t\t<div data-elementor-type=\"wp-page\" data-elementor-id=\"3589\" class=\"elementor elementor-3589\" data-elementor-post-type=\"page\">\n\t\t\t\t<div class=\"elementor-element elementor-element-7d41c7f e-con-full e-flex e-con e-parent\" data-id=\"7d41c7f\" data-element_type=\"container\" data-e-type=\"container\" data-settings=\"{&quot;background_background&quot;:&quot;classic&quot;,&quot;jet_parallax_layout_list&quot;:[]}\">\n\t\t\t\t<div class=\"elementor-element elementor-element-9c1ebae elementor-widget elementor-widget-image\" data-id=\"9c1ebae\" data-element_type=\"widget\" data-e-type=\"widget\" data-widget_type=\"image.default\">\n\t\t\t\t<div class=\"elementor-widget-container\">\n\t\t\t\t\t\t\t\t\t\t\t\t\t\t\t<img decoding=\"async\" width=\"800\" height=\"27\" src=\"https:\/\/www.gardenvillagebled.com\/wp-content\/uploads\/hero-pattern.svg\" class=\"attachment-large size-large wp-image-2847\" alt=\"\" \/>\t\t\t\t\t\t\t\t\t\t\t\t\t\t\t<\/div>\n\t\t\t\t<\/div>\n\t\t\t\t<\/div>\n\t\t<div class=\"elementor-element elementor-element-415832b container-l-r-padding e-flex e-con-boxed e-con e-parent\" data-id=\"415832b\" data-element_type=\"container\" data-e-type=\"container\" data-settings=\"{&quot;jet_parallax_layout_list&quot;:[]}\">\n\t\t\t\t\t<div class=\"e-con-inner\">\n\t\t\t\t<div class=\"elementor-element elementor-element-26f9d48 elementor-widget elementor-widget-heading\" data-id=\"26f9d48\" data-element_type=\"widget\" data-e-type=\"widget\" data-widget_type=\"heading.default\">\n\t\t\t\t<div class=\"elementor-widget-container\">\n\t\t\t\t\t<h1 class=\"elementor-heading-title elementor-size-default\">DARILNI BON<\/h1>\t\t\t\t<\/div>\n\t\t\t\t<\/div>\n\t\t\t\t<div class=\"elementor-element elementor-element-d689bb6 elementor-widget elementor-widget-heading\" data-id=\"d689bb6\" data-element_type=\"widget\" data-e-type=\"widget\" data-widget_type=\"heading.default\">\n\t\t\t\t<div class=\"elementor-widget-container\">\n\t\t\t\t\t<h2 class=\"elementor-heading-title elementor-size-default\">Garden Village<\/h2>\t\t\t\t<\/div>\n\t\t\t\t<\/div>\n\t\t\t\t<div class=\"elementor-element elementor-element-7e45511 elementor-widget elementor-widget-text-editor\" data-id=\"7e45511\" data-element_type=\"widget\" data-e-type=\"widget\" data-widget_type=\"text-editor.default\">\n\t\t\t\t<div class=\"elementor-widget-container\">\n\t\t\t\t\t\t\t\t\t<p>Do\u017eivetje je najbolj\u0161e darilo, saj spomini ostanejo za vedno. No\u010ditev v resortu Garden Village ali obrok v na\u0161i restavraciji sta nepozabni izku\u0161nji za vse \u010dute. Privo\u0161\u010dite ju svojim najdra\u017ejim ob njihovem prazniku, posebnem dogodku, za zahvalo ali pa samo zato, ker je lepe trenutke lepo deliti.   <\/p>\n\t\t\t\t\t\t\t\t<\/div>\n\t\t\t\t<\/div>\n\t\t\t\t\t<\/div>\n\t\t\t\t<\/div>\n\t\t<div class=\"elementor-element elementor-element-b2a690f container-l-r-padding e-flex e-con-boxed e-con e-parent\" data-id=\"b2a690f\" data-element_type=\"container\" data-e-type=\"container\" data-settings=\"{&quot;jet_parallax_layout_list&quot;:[]}\">\n\t\t\t\t\t<div class=\"e-con-inner\">\n\t\t<div class=\"elementor-element elementor-element-1b4a537 e-con-full e-grid e-con e-child\" data-id=\"1b4a537\" data-element_type=\"container\" data-e-type=\"container\" data-settings=\"{&quot;background_background&quot;:&quot;classic&quot;,&quot;jet_parallax_layout_list&quot;:[]}\">\n\t\t<div class=\"elementor-element elementor-element-8288a26 e-con-full e-flex e-con e-child\" data-id=\"8288a26\" data-element_type=\"container\" data-e-type=\"container\" data-settings=\"{&quot;jet_parallax_layout_list&quot;:[]}\">\n\t\t\t\t<div class=\"elementor-element elementor-element-2ae870c elementor-widget elementor-widget-image\" data-id=\"2ae870c\" data-element_type=\"widget\" data-e-type=\"widget\" data-widget_type=\"image.default\">\n\t\t\t\t<div class=\"elementor-widget-container\">\n\t\t\t\t\t\t\t\t\t\t\t\t\t\t\t<img fetchpriority=\"high\" decoding=\"async\" width=\"800\" height=\"735\" src=\"https:\/\/www.gardenvillagebled.com\/wp-content\/uploads\/GV-darilni-bon.png\" class=\"attachment-large size-large wp-image-3063\" alt=\"\" srcset=\"https:\/\/www.gardenvillagebled.com\/wp-content\/uploads\/GV-darilni-bon.png 962w, https:\/\/www.gardenvillagebled.com\/wp-content\/uploads\/GV-darilni-bon-300x276.png 300w, https:\/\/www.gardenvillagebled.com\/wp-content\/uploads\/GV-darilni-bon-768x706.png 768w\" sizes=\"(max-width: 800px) 100vw, 800px\" \/>\t\t\t\t\t\t\t\t\t\t\t\t\t\t\t<\/div>\n\t\t\t\t<\/div>\n\t\t\t\t<div class=\"elementor-element elementor-element-8539b41 elementor-widget elementor-widget-text-editor\" data-id=\"8539b41\" data-element_type=\"widget\" data-e-type=\"widget\" data-widget_type=\"text-editor.default\">\n\t\t\t\t<div class=\"elementor-widget-container\">\n\t\t\t\t\t\t\t\t\t<p>Po opravljenem spletnem nakupu darilnega bona, vam bomo po elektronski po\u0161ti poslali digitalno izvedbo, ki jo lahko takoj natisnete in podarite obdarovancu. Originalni darilni bon, s katerim boste lahko koristili na\u0161e storitve, vam po\u0161ljemo po po\u0161ti. Darilni bon velja za vse storitve v Garden Village (resort, restavracija in wellness). Darilnega bona ni mo\u017eno zamenjati za gotovino.    <\/p>\n\t\t\t\t\t\t\t\t<\/div>\n\t\t\t\t<\/div>\n\t\t\t\t<\/div>\n\t\t<div class=\"elementor-element elementor-element-a8888a1 e-con-full e-flex e-con e-child\" data-id=\"a8888a1\" data-element_type=\"container\" data-e-type=\"container\" data-settings=\"{&quot;jet_parallax_layout_list&quot;:[]}\">\n\t\t\t\t<div class=\"elementor-element elementor-element-818b563 elementor-button-align-stretch elementor-widget elementor-widget-form\" data-id=\"818b563\" data-element_type=\"widget\" data-e-type=\"widget\" data-settings=\"{&quot;step_next_label&quot;:&quot;Naslednje&quot;,&quot;step_previous_label&quot;:&quot;Prej\\u0161nje&quot;,&quot;button_width&quot;:&quot;100&quot;,&quot;step_type&quot;:&quot;number_text&quot;,&quot;step_icon_shape&quot;:&quot;circle&quot;}\" data-widget_type=\"form.default\">\n\t\t\t\t<div class=\"elementor-widget-container\">\n\t\t\t\t\t\t\t<form class=\"elementor-form\" method=\"post\" name=\"Darilni bon Form\" aria-label=\"Darilni bon Form\">\n\t\t\t<input type=\"hidden\" name=\"post_id\" value=\"3589\"\/>\n\t\t\t<input type=\"hidden\" name=\"form_id\" value=\"818b563\"\/>\n\t\t\t<input type=\"hidden\" name=\"referer_title\" value=\"Garden Village Bled\" \/>\n\n\t\t\t\n\t\t\t<div class=\"elementor-form-fields-wrapper elementor-labels-above\">\n\t\t\t\t\t\t\t\t<div class=\"elementor-field-type-number elementor-field-group elementor-column elementor-field-group-value elementor-col-100 elementor-field-required\">\n\t\t\t\t\t\t\t\t\t\t\t\t<label for=\"form-field-value\" class=\"elementor-field-label\">\n\t\t\t\t\t\t\t\tIzberite vrednost bona\t\t\t\t\t\t\t<\/label>\n\t\t\t\t\t\t\t\t\t<input type=\"number\" name=\"form_fields[value]\" id=\"form-field-value\" class=\"elementor-field elementor-size-sm  elementor-field-textual\" required=\"required\" min=\"50\" max=\"1000\" >\n\t\t\t\t\t\t<\/div>\n\t\t\t\t\t\t\t\t<div class=\"elementor-field-type-textarea elementor-field-group elementor-column elementor-field-group-message elementor-col-100\">\n\t\t\t\t\t\t\t\t\t\t\t\t<label for=\"form-field-message\" class=\"elementor-field-label\">\n\t\t\t\t\t\t\t\tOsebno sporo\u010dilo\t\t\t\t\t\t\t<\/label>\n\t\t\t\t\t\t<textarea class=\"elementor-field-textual elementor-field  elementor-size-sm\" name=\"form_fields[message]\" id=\"form-field-message\" rows=\"4\"><\/textarea>\t\t\t\t<\/div>\n\t\t\t\t\t\t\t\t<div class=\"elementor-field-group elementor-column elementor-field-type-submit elementor-col-100 e-form__buttons\">\n\t\t\t\t\t<button class=\"elementor-button elementor-size-sm\" type=\"submit\">\n\t\t\t\t\t\t<span class=\"elementor-button-content-wrapper\">\n\t\t\t\t\t\t\t\t\t\t\t\t\t\t\t\t\t\t\t\t\t\t<span class=\"elementor-button-text\">Po\u0161lji<\/span>\n\t\t\t\t\t\t\t\t\t\t\t\t\t<\/span>\n\t\t\t\t\t<\/button>\n\t\t\t\t<\/div>\n\t\t\t<\/div>\n\t\t<\/form>\n\t\t\t\t\t\t<\/div>\n\t\t\t\t<\/div>\n\t\t\t\t<\/div>\n\t\t\t\t<\/div>\n\t\t\t\t\t<\/div>\n\t\t\t\t<\/div>\n\t\t\t\t<\/div>\n\t\t","protected":false},"excerpt":{"rendered":"<p>DARILNI BON Garden Village Do\u017eivetje je najbolj\u0161e darilo, saj spomini ostanejo za vedno. No\u010ditev v resortu Garden Village ali obrok v na\u0161i restavraciji sta nepozabni izku\u0161nji za vse \u010dute. Privo\u0161\u010dite ju svojim najdra\u017ejim ob njihovem prazniku, posebnem dogodku, za zahvalo ali pa samo zato, ker je lepe trenutke lepo deliti. Po opravljenem spletnem nakupu darilnega [&hellip;]<\/p>\n","protected":false},"author":2,"featured_media":0,"parent":0,"menu_order":0,"comment_status":"closed","ping_status":"closed","template":"","meta":{"footnotes":""},"class_list":["post-3589","page","type-page","status-publish","hentry"],"yoast_head":"<!-- This site is optimized with the Yoast SEO plugin v26.9 - https:\/\/yoast.com\/product\/yoast-seo-wordpress\/ -->\n<title>Darilni boni | Garden Village Bled - Darilo narave<\/title>\n<meta name=\"description\" content=\"Podarite nepozabno do\u017eivetje z no\u010ditvijo v Garden Village Bled\u2013 popolno darilo za posebne prilo\u017enosti in lepe trenutke v naravi.\" \/>\n<meta name=\"robots\" content=\"index, follow, max-snippet:-1, max-image-preview:large, max-video-preview:-1\" \/>\n<link rel=\"canonical\" href=\"https:\/\/www.gardenvillagebled.com\/sl\/darilni-boni\/\" \/>\n<meta property=\"og:locale\" content=\"sl_SI\" \/>\n<meta property=\"og:type\" content=\"article\" \/>\n<meta property=\"og:title\" content=\"Darilni boni | Garden Village Bled - Darilo narave\" \/>\n<meta property=\"og:description\" content=\"Podarite nepozabno do\u017eivetje z no\u010ditvijo v Garden Village Bled\u2013 popolno darilo za posebne prilo\u017enosti in lepe trenutke v naravi.\" \/>\n<meta property=\"og:url\" content=\"https:\/\/www.gardenvillagebled.com\/sl\/darilni-boni\/\" \/>\n<meta property=\"og:site_name\" content=\"Garden Village Bled\" \/>\n<meta property=\"article:publisher\" content=\"https:\/\/www.facebook.com\/GardenVillageBledSlovenia\/\" \/>\n<meta property=\"article:modified_time\" content=\"2024-12-13T07:36:00+00:00\" \/>\n<meta property=\"og:image\" content=\"https:\/\/www.gardenvillagebled.com\/wp-content\/uploads\/hero-pattern.svg\" \/>\n<meta name=\"twitter:card\" content=\"summary_large_image\" \/>\n<meta name=\"twitter:label1\" content=\"Est. reading time\" \/>\n\t<meta name=\"twitter:data1\" content=\"1 minuta\" \/>\n<script type=\"application\/ld+json\" class=\"yoast-schema-graph\">{\"@context\":\"https:\/\/schema.org\",\"@graph\":[{\"@type\":\"WebPage\",\"@id\":\"https:\/\/www.gardenvillagebled.com\/sl\/darilni-boni\/\",\"url\":\"https:\/\/www.gardenvillagebled.com\/sl\/darilni-boni\/\",\"name\":\"Darilni boni | Garden Village Bled - Darilo narave\",\"isPartOf\":{\"@id\":\"https:\/\/www.gardenvillagebled.com\/sl\/#website\"},\"primaryImageOfPage\":{\"@id\":\"https:\/\/www.gardenvillagebled.com\/sl\/darilni-boni\/#primaryimage\"},\"image\":{\"@id\":\"https:\/\/www.gardenvillagebled.com\/sl\/darilni-boni\/#primaryimage\"},\"thumbnailUrl\":\"https:\/\/www.gardenvillagebled.com\/wp-content\/uploads\/hero-pattern.svg\",\"datePublished\":\"2024-09-17T14:53:10+00:00\",\"dateModified\":\"2024-12-13T07:36:00+00:00\",\"description\":\"Podarite nepozabno do\u017eivetje z no\u010ditvijo v Garden Village Bled\u2013 popolno darilo za posebne prilo\u017enosti in lepe trenutke v naravi.\",\"breadcrumb\":{\"@id\":\"https:\/\/www.gardenvillagebled.com\/sl\/darilni-boni\/#breadcrumb\"},\"inLanguage\":\"sl-SI\",\"potentialAction\":[{\"@type\":\"ReadAction\",\"target\":[\"https:\/\/www.gardenvillagebled.com\/sl\/darilni-boni\/\"]}]},{\"@type\":\"ImageObject\",\"inLanguage\":\"sl-SI\",\"@id\":\"https:\/\/www.gardenvillagebled.com\/sl\/darilni-boni\/#primaryimage\",\"url\":\"https:\/\/www.gardenvillagebled.com\/wp-content\/uploads\/hero-pattern.svg\",\"contentUrl\":\"https:\/\/www.gardenvillagebled.com\/wp-content\/uploads\/hero-pattern.svg\"},{\"@type\":\"BreadcrumbList\",\"@id\":\"https:\/\/www.gardenvillagebled.com\/sl\/darilni-boni\/#breadcrumb\",\"itemListElement\":[{\"@type\":\"ListItem\",\"position\":1,\"name\":\"Home\",\"item\":\"https:\/\/www.gardenvillagebled.com\/sl\/\"},{\"@type\":\"ListItem\",\"position\":2,\"name\":\"Darilni boni\"}]},{\"@type\":\"WebSite\",\"@id\":\"https:\/\/www.gardenvillagebled.com\/sl\/#website\",\"url\":\"https:\/\/www.gardenvillagebled.com\/sl\/\",\"name\":\"Garden Village Bled\",\"description\":\"\",\"publisher\":{\"@id\":\"https:\/\/www.gardenvillagebled.com\/sl\/#organization\"},\"potentialAction\":[{\"@type\":\"SearchAction\",\"target\":{\"@type\":\"EntryPoint\",\"urlTemplate\":\"https:\/\/www.gardenvillagebled.com\/sl\/?s={search_term_string}\"},\"query-input\":{\"@type\":\"PropertyValueSpecification\",\"valueRequired\":true,\"valueName\":\"search_term_string\"}}],\"inLanguage\":\"sl-SI\"},{\"@type\":\"Organization\",\"@id\":\"https:\/\/www.gardenvillagebled.com\/sl\/#organization\",\"name\":\"Garden Village Bled\",\"url\":\"https:\/\/www.gardenvillagebled.com\/sl\/\",\"logo\":{\"@type\":\"ImageObject\",\"inLanguage\":\"sl-SI\",\"@id\":\"https:\/\/www.gardenvillagebled.com\/sl\/#\/schema\/logo\/image\/\",\"url\":\"https:\/\/www.gardenvillagebled.com\/wp-content\/uploads\/garden_village_symbo_greenl.svg\",\"contentUrl\":\"https:\/\/www.gardenvillagebled.com\/wp-content\/uploads\/garden_village_symbo_greenl.svg\",\"width\":320.9,\"height\":278,\"caption\":\"Garden Village Bled\"},\"image\":{\"@id\":\"https:\/\/www.gardenvillagebled.com\/sl\/#\/schema\/logo\/image\/\"},\"sameAs\":[\"https:\/\/www.facebook.com\/GardenVillageBledSlovenia\/\"]}]}<\/script>\n<!-- \/ Yoast SEO plugin. -->","yoast_head_json":{"title":"Darilni boni | Garden Village Bled - Darilo narave","description":"Podarite nepozabno do\u017eivetje z no\u010ditvijo v Garden Village Bled\u2013 popolno darilo za posebne prilo\u017enosti in lepe trenutke v naravi.","robots":{"index":"index","follow":"follow","max-snippet":"max-snippet:-1","max-image-preview":"max-image-preview:large","max-video-preview":"max-video-preview:-1"},"canonical":"https:\/\/www.gardenvillagebled.com\/sl\/darilni-boni\/","og_locale":"sl_SI","og_type":"article","og_title":"Darilni boni | Garden Village Bled - Darilo narave","og_description":"Podarite nepozabno do\u017eivetje z no\u010ditvijo v Garden Village Bled\u2013 popolno darilo za posebne prilo\u017enosti in lepe trenutke v naravi.","og_url":"https:\/\/www.gardenvillagebled.com\/sl\/darilni-boni\/","og_site_name":"Garden Village Bled","article_publisher":"https:\/\/www.facebook.com\/GardenVillageBledSlovenia\/","article_modified_time":"2024-12-13T07:36:00+00:00","og_image":[{"url":"https:\/\/www.gardenvillagebled.com\/wp-content\/uploads\/hero-pattern.svg","type":"","width":"","height":""}],"twitter_card":"summary_large_image","twitter_misc":{"Est. reading time":"1 minuta"},"schema":{"@context":"https:\/\/schema.org","@graph":[{"@type":"WebPage","@id":"https:\/\/www.gardenvillagebled.com\/sl\/darilni-boni\/","url":"https:\/\/www.gardenvillagebled.com\/sl\/darilni-boni\/","name":"Darilni boni | Garden Village Bled - Darilo narave","isPartOf":{"@id":"https:\/\/www.gardenvillagebled.com\/sl\/#website"},"primaryImageOfPage":{"@id":"https:\/\/www.gardenvillagebled.com\/sl\/darilni-boni\/#primaryimage"},"image":{"@id":"https:\/\/www.gardenvillagebled.com\/sl\/darilni-boni\/#primaryimage"},"thumbnailUrl":"https:\/\/www.gardenvillagebled.com\/wp-content\/uploads\/hero-pattern.svg","datePublished":"2024-09-17T14:53:10+00:00","dateModified":"2024-12-13T07:36:00+00:00","description":"Podarite nepozabno do\u017eivetje z no\u010ditvijo v Garden Village Bled\u2013 popolno darilo za posebne prilo\u017enosti in lepe trenutke v naravi.","breadcrumb":{"@id":"https:\/\/www.gardenvillagebled.com\/sl\/darilni-boni\/#breadcrumb"},"inLanguage":"sl-SI","potentialAction":[{"@type":"ReadAction","target":["https:\/\/www.gardenvillagebled.com\/sl\/darilni-boni\/"]}]},{"@type":"ImageObject","inLanguage":"sl-SI","@id":"https:\/\/www.gardenvillagebled.com\/sl\/darilni-boni\/#primaryimage","url":"https:\/\/www.gardenvillagebled.com\/wp-content\/uploads\/hero-pattern.svg","contentUrl":"https:\/\/www.gardenvillagebled.com\/wp-content\/uploads\/hero-pattern.svg"},{"@type":"BreadcrumbList","@id":"https:\/\/www.gardenvillagebled.com\/sl\/darilni-boni\/#breadcrumb","itemListElement":[{"@type":"ListItem","position":1,"name":"Home","item":"https:\/\/www.gardenvillagebled.com\/sl\/"},{"@type":"ListItem","position":2,"name":"Darilni boni"}]},{"@type":"WebSite","@id":"https:\/\/www.gardenvillagebled.com\/sl\/#website","url":"https:\/\/www.gardenvillagebled.com\/sl\/","name":"Garden Village Bled","description":"","publisher":{"@id":"https:\/\/www.gardenvillagebled.com\/sl\/#organization"},"potentialAction":[{"@type":"SearchAction","target":{"@type":"EntryPoint","urlTemplate":"https:\/\/www.gardenvillagebled.com\/sl\/?s={search_term_string}"},"query-input":{"@type":"PropertyValueSpecification","valueRequired":true,"valueName":"search_term_string"}}],"inLanguage":"sl-SI"},{"@type":"Organization","@id":"https:\/\/www.gardenvillagebled.com\/sl\/#organization","name":"Garden Village Bled","url":"https:\/\/www.gardenvillagebled.com\/sl\/","logo":{"@type":"ImageObject","inLanguage":"sl-SI","@id":"https:\/\/www.gardenvillagebled.com\/sl\/#\/schema\/logo\/image\/","url":"https:\/\/www.gardenvillagebled.com\/wp-content\/uploads\/garden_village_symbo_greenl.svg","contentUrl":"https:\/\/www.gardenvillagebled.com\/wp-content\/uploads\/garden_village_symbo_greenl.svg","width":320.9,"height":278,"caption":"Garden Village Bled"},"image":{"@id":"https:\/\/www.gardenvillagebled.com\/sl\/#\/schema\/logo\/image\/"},"sameAs":["https:\/\/www.facebook.com\/GardenVillageBledSlovenia\/"]}]}},"_links":{"self":[{"href":"https:\/\/www.gardenvillagebled.com\/sl\/wp-json\/wp\/v2\/pages\/3589","targetHints":{"allow":["GET"]}}],"collection":[{"href":"https:\/\/www.gardenvillagebled.com\/sl\/wp-json\/wp\/v2\/pages"}],"about":[{"href":"https:\/\/www.gardenvillagebled.com\/sl\/wp-json\/wp\/v2\/types\/page"}],"author":[{"embeddable":true,"href":"https:\/\/www.gardenvillagebled.com\/sl\/wp-json\/wp\/v2\/users\/2"}],"replies":[{"embeddable":true,"href":"https:\/\/www.gardenvillagebled.com\/sl\/wp-json\/wp\/v2\/comments?post=3589"}],"version-history":[{"count":2,"href":"https:\/\/www.gardenvillagebled.com\/sl\/wp-json\/wp\/v2\/pages\/3589\/revisions"}],"predecessor-version":[{"id":3995,"href":"https:\/\/www.gardenvillagebled.com\/sl\/wp-json\/wp\/v2\/pages\/3589\/revisions\/3995"}],"wp:attachment":[{"href":"https:\/\/www.gardenvillagebled.com\/sl\/wp-json\/wp\/v2\/media?parent=3589"}],"curies":[{"name":"wp","href":"https:\/\/api.w.org\/{rel}","templated":true}]}}