{"id":3571,"date":"2024-09-22T13:09:24","date_gmt":"2024-09-22T13:09:24","guid":{"rendered":"https:\/\/www.gardenvillagebled.com\/politika-zasebnosti\/"},"modified":"2025-02-03T14:41:36","modified_gmt":"2025-02-03T14:41:36","slug":"politika-zasebnosti","status":"publish","type":"page","link":"https:\/\/www.gardenvillagebled.com\/sl\/politika-zasebnosti\/","title":{"rendered":"Politika zasebnosti"},"content":{"rendered":"\t\t<div data-elementor-type=\"wp-page\" data-elementor-id=\"3571\" class=\"elementor elementor-3571 elementor-266\" data-elementor-post-type=\"page\">\n\t\t\t\t<div class=\"elementor-element elementor-element-4760373 e-con-full e-flex e-con e-parent\" data-id=\"4760373\" data-element_type=\"container\" data-e-type=\"container\" data-settings=\"{&quot;background_background&quot;:&quot;classic&quot;,&quot;jet_parallax_layout_list&quot;:[]}\">\n\t\t\t\t<div class=\"elementor-element elementor-element-1670a86 elementor-widget elementor-widget-image\" data-id=\"1670a86\" data-element_type=\"widget\" data-e-type=\"widget\" data-widget_type=\"image.default\">\n\t\t\t\t<div class=\"elementor-widget-container\">\n\t\t\t\t\t\t\t\t\t\t\t\t\t\t\t<img decoding=\"async\" width=\"800\" height=\"27\" src=\"https:\/\/www.gardenvillagebled.com\/wp-content\/uploads\/hero-pattern.svg\" class=\"attachment-large size-large wp-image-2847\" alt=\"\" \/>\t\t\t\t\t\t\t\t\t\t\t\t\t\t\t<\/div>\n\t\t\t\t<\/div>\n\t\t\t\t<\/div>\n\t\t<div class=\"elementor-element elementor-element-aed0665 container-l-r-padding e-flex e-con-boxed e-con e-parent\" data-id=\"aed0665\" data-element_type=\"container\" data-e-type=\"container\" data-settings=\"{&quot;jet_parallax_layout_list&quot;:[]}\">\n\t\t\t\t\t<div class=\"e-con-inner\">\n\t\t\t\t<div class=\"elementor-element elementor-element-399eb80 elementor-widget elementor-widget-heading\" data-id=\"399eb80\" data-element_type=\"widget\" data-e-type=\"widget\" data-widget_type=\"heading.default\">\n\t\t\t\t<div class=\"elementor-widget-container\">\n\t\t\t\t\t<h1 class=\"elementor-heading-title elementor-size-default\">Politika zasebnosti<\/h1>\t\t\t\t<\/div>\n\t\t\t\t<\/div>\n\t\t\t\t<div class=\"elementor-element elementor-element-ba4fb82 elementor-widget elementor-widget-text-editor\" data-id=\"ba4fb82\" data-element_type=\"widget\" data-e-type=\"widget\" data-widget_type=\"text-editor.default\">\n\t\t\t\t<div class=\"elementor-widget-container\">\n\t\t\t\t\t\t\t\t\t<div class=\"typo typo-v2 add-margin-bottom-20\">\n<p>Ta Politika varstva zasebnosti in uporabe pi\u0161kotkov na spletnem mestu velja za vsakogar, ki se \u0161teje za uporabnika ter za celotno spletno mesto, vklju\u010dno z njegovimi podstranmi.<\/p>\n<p>Uporabnik je vsaka pravna ali fizi\u010dna oseba, ki uporablja oziroma obi\u0161\u010de spletno mesto <a href=\"http:\/\/www.gardenvillagebled.com\/\">www.gardenvillagebled.com<\/a> (v nadaljevanju: uporabnik).<\/p>\n<p>Kupec je vsaka pravna ali fizi\u010dna oseba, ki v skladu s Splo\u0161nimi pogoji poslovanja <a href=\"http:\/\/www.gardenvillagebled.com\/\">www.gardenvillagebled.com<\/a> sklene eno izmed pogodb (v nadaljevanju: kupec).<\/p>\n<p>Z uporabo spletnega mesta, uporabnik potrjuje, da se strinja s to Politiko varstva zasebnosti in pi\u0161kotkov na spletnem mestu. Uporabnik se z nadaljnjo uporabo spletnega mesta strinja s spremembami. <\/p>\n<h3> <\/h3>\n<h3>I. Varstvo osebnih podatkov<\/h3>\n<p>V Plantea d.o.o. spo\u0161tujemo va\u0161o zasebnost in bomo va\u0161e osebne podatke uporabili izklju\u010dno za navedene namene. Va\u0161e osebne podatke bomo skrbno varovali v skladu z zakonodajo, ki ureja varstvo osebnih podatkov (Uredba EU 2016\/679 (GDPR)) in Zakon o varovanju osebnih podatkov &#8211; ZVOP-1), Politiko varstva zasebnosti in pi\u0161kotkov na spletnem mestu in internim aktom na\u0161ega zavoda. <\/p>\n<p><strong>1. Upravljavec osebnih podatkov<\/strong><\/p>\n<p>Upravljavec osebnih podatkov, ki se obdelujejo skladno s Politiko varstva zasebnosti in internim aktom, je Plantea d.o.o., Cesta Gorenjskega odreda 16, 4260 Bled.<\/p>\n<p><strong>2. Poobla\u0161\u010dena oseba za varstvo osebnih podatkov<\/strong><\/p>\n<p>Poobla\u0161\u010dena oseba za varstvo osebnih podatkov v Plantea d.o.o. je Borut Kelih, dosegljiv na e-naslovu<a href=\"mailto:info@gardenvillagebled.com\"> info@gardenvillagebled.com<\/a>.<\/p>\n<p><strong>3. Obdelovalec osebnih podatkov<\/strong><\/p>\n<p>Plantea d.o.o. zbranih osebnih podatkov ne posreduje tretjim osebam ali v tretje dr\u017eave.<\/p>\n<p>Edina izjema pri tem je po\u0161iljanje e-novic preko spletne platforme MailChimp, kjer se za namene po\u0161iljanja e-novic hranijo osebni podatki (imena, priimki, elektronski naslovi). MailChimpovi pogoji uporabe in njegova politika zasebnosti zagotavljajo skladnost s pravili Splo\u0161ne uredbe o varstvu podatkov (Uredba (EU) 2016\/679) in potrjujejo, da je MailChimp potrdil svojo pogodbo z EU-ZDA. Ogrodje zasebnostnega \u0161\u010dita. <\/p>\n<p><strong>4. Posredovanje osebnih podatkov tretjim osebam ali v tretje dr\u017eave<\/strong><\/p>\n<p>Plantea d.o.o. obdeluje osebne podatke posameznikov bodisi na podlagi privolitve, bodisi na podlagi sklenjene pogodbe.<\/p>\n<p><strong>4.1. Personal Data Processing on the Basis of Consent <\/strong><\/p>\n<p>Podjetje Plantea d.o.o. zbira in obdeluje osebne podatke posameznikov za namen po\u0161iljanja e-novic, ki vsebujejo informacije o trenutnih ponudbah, posebnih ugodnostih za stranke in drugih novicah, povezanih s turisti\u010dno ter gostinsko dejavnostjo letovi\u0161\u010da. Navedene e-novice se po\u0161iljajo izklju\u010dno po elektronski po\u0161ti. <\/p>\n<p>Za ta namen podjetje Plantea d.o.o. od posameznika zbira in obdeluje naslednje osebne podatke: ime, naslov, elektronski naslov.<\/p>\n<p><strong>4.2. Personal Data Processing on the Basis of a Contract   <\/strong><\/p>\n<p>Plantea d.o.o. zbira in obdeluje osebne podatke posameznikov na podlagi sklenjene pogodbe za rezervacijo no\u010ditev, kakor to opredeljujejo Splo\u0161ni pogoji.<\/p>\n<p>Osebni podatki, zbrani na tej podlagi, so potrebni za izvr\u0161itev pogodbenih obveznosti o izvr\u0161itvi naro\u010denih storitev v okviru ponudbenega resorta oziroma za poprodajne aktivnosti, kot je preverjanje zadovoljstva o opravljenem nakupu.<\/p>\n<p>Za ta namen Plantea d.o.o. od posameznika zbira in obdeluje naslednje osebne podatke: ime, naslov, elektronski naslov, ulica, po\u0161tna \u0161tevilka, mesto, dr\u017eava.<\/p>\n<p>Plantea d.o.o. ne zbira \u0161tevilk in drugih podatkov, ki se nana\u0161ajo na kreditne kartice in jih kupec posreduje preko spletnega mesta. Te podatke zbirajo izklju\u010dno ponudniki pla\u010devanja s kreditnimi karticami. <\/p>\n<p><strong>5. Varstvo osebnih podatkov<\/strong><\/p>\n<p>Plantea d.o.o. za zagotavljanje varovanja osebnih podatkov izvaja vse potrebne pravne, organizacijske in ustrezne logisti\u010dno-tehni\u010dne postopke in ukrepe, bodisi sam na podlagi internih aktov, bodisi preko svojih pogodbenih partnerjev.<\/p>\n<p><strong>6. Rok hrambe osebnih podatkov<\/strong><\/p>\n<p>Osebni podatki posameznika, ki so pridobljeni na podlagi privolitve, se lahko obdelujejo in hranijo, do izpolnitve namena oziroma do preklica dane privolitve posameznika.<\/p>\n<p><strong>7. Pravice posameznika<\/strong><\/p>\n<p>Skladno z veljavno zakonodajo, ki ureja podro\u010dje varstva osebnih podatkov, ima posameznik pravico dano privolitev kadarkoli preklicati, zahtevati dostop do podatkov, popravek podatkov, omejitev obdelave, izbris osebnih podatkov, prenosljivost podatkov ali pravico do ugovora, in sicer tako, da nas o tem obvesti pisno po po\u0161ti na naslov Plantea d.o.o., Cesta Gorenjskega odreda 16, 4260 Bled ali preko elektronske po\u0161te <a href=\"mailto:info@gardenvillagebled.com\">info@gardenvillagebled.com<\/a>. Na navedeni naslov lahko posameznik poda tudi prito\u017ebo v zvezi z obdelavo njegovih osebnih podatkov. <\/p>\n<p>Posameznik pa lahko prito\u017ebo glede obdelave njegovih osebnih podatkov poda tudi neposredno pristojnemu nadzornemu organu, tj. Informacijskemu poobla\u0161\u010dencu Republike Slovenije.<\/p>\n<p><strong>8. Ravnanje v primeru kr\u0161itev<\/strong><\/p>\n<p>V primeru kr\u0161itev varstva osebnih podatkov bo Plantea d.o.o. nemudoma izvedla vse notranje in zunanje ukrepe (tehni\u010dne, organizacijske) za za\u0161\u010dito pravic in interesov posameznika, vsakega od prizadetih bo o tem obvestil, prav tako bo s tem seznanil pristojni nadzorni organ v Republiki Sloveniji. <\/p>\n<h3> <\/h3>\n<h3>II. Politika pi\u0161kotkov <\/h3>\n<p>Pi\u0161kotki so majhne datoteke z besedilom, ki jih spletne strani uporabljajo zato, da so izku\u0161nje uporabnikov bolj u\u010dinkovite.<\/p>\n<p>Po zakonu lahko pi\u0161kotke na va\u0161i napravi shranjujemo v primeru, ko so nujno potrebni za delovanje strani. Za vse druge vrste pi\u0161kotkov potrebujemo va\u0161e dovoljenje.. <\/p>\n<p>Ta stran uporablja razli\u010dne vrste pi\u0161kotkov. Nekateri se uporabljajo na zahtevo tujih strani, ki se pojavljajo na na\u0161i strani. <\/p>\n<p>Za zagotavljanje delovanja vseh funkcij spletnega mesta, se uporabljajo naslednji pi\u0161kotki (ang. cookies):<\/p>\n<p>Zahtevani pi\u0161kotki naredijo spletno stran uporabno, saj omogo\u010dajo osnovne funkcije, kot so navigacija po strani in dostop do varnih obmo\u010dij spletne strani. Spletna stran brez teh pi\u0161kotkov ne deluje pravilno. <\/p>\n<p>Pi\u0161kotki za spremljanje statistike so pi\u0161kotki, ki jih potrebujemo za spremljanje obiska na spletnem mestu z namenom izbolj\u0161evanja uporabni\u0161ke izku\u0161nje.<\/p>\n<p>Pi\u0161kotki za tr\u017eenje anonimno zbirajo podatke o va\u0161ih obiskih spletnih strani. Namen je prikazovanje oglasov, ki so primerni in zanimivi za posameznega uporabnika. <\/p>\n<p>Natan\u010den opis posameznega pi\u0161kotka in \u010das njegove namestitve je razviden iz naslednje tabele:<\/p>\n<\/div>\n<div class=\"typo\">\n<h3> <\/h3>\n<h3>Cookies<\/h3>\n<div class=\"responsive-table-wrapper\"><script type=\"text\/javascript\" charset=\"UTF-8\" data-cookiescriptreport=\"report\" src=\"\/\/report.cookie-script.com\/r\/aae3762d87d3ec65f94c9c27673c7011.js\"><\/script><\/div>\n<\/div>\n<div class=\"typo typo-v2 add-margin-bottom-20\">\n<p><strong>Validity<\/strong><\/p>\n<p>Politiko varstva zasebnosti in pi\u0161kotkov na spletnem mestu <a href=\"http:\/\/www.gardenvillagebled.com\/\">www.gardenvillagebled.com<\/a> bomo po potrebi dopolnjevali, o \u010demer vas bomo ustrezno obvestili. <\/p>\n<p>Ta Politika je objavljena na spletnem mestu <a href=\"http:\/\/www.gardenvillagebled.com\/\">www.gardenvillagebled.com<\/a> in velja od 20. januarja 2020 dalje. <\/p>\n<\/div>\n\t\t\t\t\t\t\t\t<\/div>\n\t\t\t\t<\/div>\n\t\t\t\t\t<\/div>\n\t\t\t\t<\/div>\n\t\t\t\t<\/div>\n\t\t","protected":false},"excerpt":{"rendered":"<p>Politika zasebnosti Ta Politika varstva zasebnosti in uporabe pi\u0161kotkov na spletnem mestu velja za vsakogar, ki se \u0161teje za uporabnika ter za celotno spletno mesto, vklju\u010dno z njegovimi podstranmi. Uporabnik je vsaka pravna ali fizi\u010dna oseba, ki uporablja oziroma obi\u0161\u010de spletno mesto www.gardenvillagebled.com (v nadaljevanju: uporabnik). Kupec je vsaka pravna ali fizi\u010dna oseba, ki v [&hellip;]<\/p>\n","protected":false},"author":2,"featured_media":0,"parent":0,"menu_order":0,"comment_status":"closed","ping_status":"closed","template":"","meta":{"footnotes":""},"class_list":["post-3571","page","type-page","status-publish","hentry"],"yoast_head":"<!-- This site is optimized with the Yoast SEO plugin v26.9 - https:\/\/yoast.com\/product\/yoast-seo-wordpress\/ -->\n<title>Politika zasebnosti | Garden Village Bled - Za\u0161\u010dita va\u0161ih podatkov<\/title>\n<meta name=\"description\" content=\"Preberite na\u0161o Politiko zasebnosti, da razumete, kako za\u0161\u010ditimo va\u0161e osebne podatke in zagotovimo va\u0161o zasebnost v Garden Village Bled.\" \/>\n<meta name=\"robots\" content=\"index, follow, max-snippet:-1, max-image-preview:large, max-video-preview:-1\" \/>\n<link rel=\"canonical\" href=\"https:\/\/www.gardenvillagebled.com\/sl\/politika-zasebnosti\/\" \/>\n<meta property=\"og:locale\" content=\"sl_SI\" \/>\n<meta property=\"og:type\" content=\"article\" \/>\n<meta property=\"og:title\" content=\"Politika zasebnosti | Garden Village Bled - Za\u0161\u010dita va\u0161ih podatkov\" \/>\n<meta property=\"og:description\" content=\"Preberite na\u0161o Politiko zasebnosti, da razumete, kako za\u0161\u010ditimo va\u0161e osebne podatke in zagotovimo va\u0161o zasebnost v Garden Village Bled.\" \/>\n<meta property=\"og:url\" content=\"https:\/\/www.gardenvillagebled.com\/sl\/politika-zasebnosti\/\" \/>\n<meta property=\"og:site_name\" content=\"Garden Village Bled\" \/>\n<meta property=\"article:publisher\" content=\"https:\/\/www.facebook.com\/GardenVillageBledSlovenia\/\" \/>\n<meta property=\"article:modified_time\" content=\"2025-02-03T14:41:36+00:00\" \/>\n<meta property=\"og:image\" content=\"https:\/\/www.gardenvillagebled.com\/wp-content\/uploads\/Site-image-Garden.jpg\" \/>\n\t<meta property=\"og:image:width\" content=\"1200\" \/>\n\t<meta property=\"og:image:height\" content=\"675\" \/>\n\t<meta property=\"og:image:type\" content=\"image\/jpeg\" \/>\n<meta name=\"twitter:card\" content=\"summary_large_image\" \/>\n<meta name=\"twitter:label1\" content=\"Est. reading time\" \/>\n\t<meta name=\"twitter:data1\" content=\"5 minut\" \/>\n<script type=\"application\/ld+json\" class=\"yoast-schema-graph\">{\"@context\":\"https:\/\/schema.org\",\"@graph\":[{\"@type\":\"WebPage\",\"@id\":\"https:\/\/www.gardenvillagebled.com\/sl\/politika-zasebnosti\/\",\"url\":\"https:\/\/www.gardenvillagebled.com\/sl\/politika-zasebnosti\/\",\"name\":\"Politika zasebnosti | Garden Village Bled - Za\u0161\u010dita va\u0161ih podatkov\",\"isPartOf\":{\"@id\":\"https:\/\/www.gardenvillagebled.com\/sl\/#website\"},\"primaryImageOfPage\":{\"@id\":\"https:\/\/www.gardenvillagebled.com\/sl\/politika-zasebnosti\/#primaryimage\"},\"image\":{\"@id\":\"https:\/\/www.gardenvillagebled.com\/sl\/politika-zasebnosti\/#primaryimage\"},\"thumbnailUrl\":\"https:\/\/www.gardenvillagebled.com\/wp-content\/uploads\/hero-pattern.svg\",\"datePublished\":\"2024-09-22T13:09:24+00:00\",\"dateModified\":\"2025-02-03T14:41:36+00:00\",\"description\":\"Preberite na\u0161o Politiko zasebnosti, da razumete, kako za\u0161\u010ditimo va\u0161e osebne podatke in zagotovimo va\u0161o zasebnost v Garden Village Bled.\",\"breadcrumb\":{\"@id\":\"https:\/\/www.gardenvillagebled.com\/sl\/politika-zasebnosti\/#breadcrumb\"},\"inLanguage\":\"sl-SI\",\"potentialAction\":[{\"@type\":\"ReadAction\",\"target\":[\"https:\/\/www.gardenvillagebled.com\/sl\/politika-zasebnosti\/\"]}]},{\"@type\":\"ImageObject\",\"inLanguage\":\"sl-SI\",\"@id\":\"https:\/\/www.gardenvillagebled.com\/sl\/politika-zasebnosti\/#primaryimage\",\"url\":\"https:\/\/www.gardenvillagebled.com\/wp-content\/uploads\/hero-pattern.svg\",\"contentUrl\":\"https:\/\/www.gardenvillagebled.com\/wp-content\/uploads\/hero-pattern.svg\"},{\"@type\":\"BreadcrumbList\",\"@id\":\"https:\/\/www.gardenvillagebled.com\/sl\/politika-zasebnosti\/#breadcrumb\",\"itemListElement\":[{\"@type\":\"ListItem\",\"position\":1,\"name\":\"Home\",\"item\":\"https:\/\/www.gardenvillagebled.com\/sl\/\"},{\"@type\":\"ListItem\",\"position\":2,\"name\":\"Politika zasebnosti\"}]},{\"@type\":\"WebSite\",\"@id\":\"https:\/\/www.gardenvillagebled.com\/sl\/#website\",\"url\":\"https:\/\/www.gardenvillagebled.com\/sl\/\",\"name\":\"Garden Village Bled\",\"description\":\"\",\"publisher\":{\"@id\":\"https:\/\/www.gardenvillagebled.com\/sl\/#organization\"},\"potentialAction\":[{\"@type\":\"SearchAction\",\"target\":{\"@type\":\"EntryPoint\",\"urlTemplate\":\"https:\/\/www.gardenvillagebled.com\/sl\/?s={search_term_string}\"},\"query-input\":{\"@type\":\"PropertyValueSpecification\",\"valueRequired\":true,\"valueName\":\"search_term_string\"}}],\"inLanguage\":\"sl-SI\"},{\"@type\":\"Organization\",\"@id\":\"https:\/\/www.gardenvillagebled.com\/sl\/#organization\",\"name\":\"Garden Village Bled\",\"url\":\"https:\/\/www.gardenvillagebled.com\/sl\/\",\"logo\":{\"@type\":\"ImageObject\",\"inLanguage\":\"sl-SI\",\"@id\":\"https:\/\/www.gardenvillagebled.com\/sl\/#\/schema\/logo\/image\/\",\"url\":\"https:\/\/www.gardenvillagebled.com\/wp-content\/uploads\/garden_village_symbo_greenl.svg\",\"contentUrl\":\"https:\/\/www.gardenvillagebled.com\/wp-content\/uploads\/garden_village_symbo_greenl.svg\",\"width\":320.9,\"height\":278,\"caption\":\"Garden Village Bled\"},\"image\":{\"@id\":\"https:\/\/www.gardenvillagebled.com\/sl\/#\/schema\/logo\/image\/\"},\"sameAs\":[\"https:\/\/www.facebook.com\/GardenVillageBledSlovenia\/\"]}]}<\/script>\n<!-- \/ Yoast SEO plugin. -->","yoast_head_json":{"title":"Politika zasebnosti | Garden Village Bled - Za\u0161\u010dita va\u0161ih podatkov","description":"Preberite na\u0161o Politiko zasebnosti, da razumete, kako za\u0161\u010ditimo va\u0161e osebne podatke in zagotovimo va\u0161o zasebnost v Garden Village Bled.","robots":{"index":"index","follow":"follow","max-snippet":"max-snippet:-1","max-image-preview":"max-image-preview:large","max-video-preview":"max-video-preview:-1"},"canonical":"https:\/\/www.gardenvillagebled.com\/sl\/politika-zasebnosti\/","og_locale":"sl_SI","og_type":"article","og_title":"Politika zasebnosti | Garden Village Bled - Za\u0161\u010dita va\u0161ih podatkov","og_description":"Preberite na\u0161o Politiko zasebnosti, da razumete, kako za\u0161\u010ditimo va\u0161e osebne podatke in zagotovimo va\u0161o zasebnost v Garden Village Bled.","og_url":"https:\/\/www.gardenvillagebled.com\/sl\/politika-zasebnosti\/","og_site_name":"Garden Village Bled","article_publisher":"https:\/\/www.facebook.com\/GardenVillageBledSlovenia\/","article_modified_time":"2025-02-03T14:41:36+00:00","og_image":[{"width":1200,"height":675,"url":"https:\/\/www.gardenvillagebled.com\/wp-content\/uploads\/Site-image-Garden.jpg","type":"image\/jpeg"}],"twitter_card":"summary_large_image","twitter_misc":{"Est. reading time":"5 minut"},"schema":{"@context":"https:\/\/schema.org","@graph":[{"@type":"WebPage","@id":"https:\/\/www.gardenvillagebled.com\/sl\/politika-zasebnosti\/","url":"https:\/\/www.gardenvillagebled.com\/sl\/politika-zasebnosti\/","name":"Politika zasebnosti | Garden Village Bled - Za\u0161\u010dita va\u0161ih podatkov","isPartOf":{"@id":"https:\/\/www.gardenvillagebled.com\/sl\/#website"},"primaryImageOfPage":{"@id":"https:\/\/www.gardenvillagebled.com\/sl\/politika-zasebnosti\/#primaryimage"},"image":{"@id":"https:\/\/www.gardenvillagebled.com\/sl\/politika-zasebnosti\/#primaryimage"},"thumbnailUrl":"https:\/\/www.gardenvillagebled.com\/wp-content\/uploads\/hero-pattern.svg","datePublished":"2024-09-22T13:09:24+00:00","dateModified":"2025-02-03T14:41:36+00:00","description":"Preberite na\u0161o Politiko zasebnosti, da razumete, kako za\u0161\u010ditimo va\u0161e osebne podatke in zagotovimo va\u0161o zasebnost v Garden Village Bled.","breadcrumb":{"@id":"https:\/\/www.gardenvillagebled.com\/sl\/politika-zasebnosti\/#breadcrumb"},"inLanguage":"sl-SI","potentialAction":[{"@type":"ReadAction","target":["https:\/\/www.gardenvillagebled.com\/sl\/politika-zasebnosti\/"]}]},{"@type":"ImageObject","inLanguage":"sl-SI","@id":"https:\/\/www.gardenvillagebled.com\/sl\/politika-zasebnosti\/#primaryimage","url":"https:\/\/www.gardenvillagebled.com\/wp-content\/uploads\/hero-pattern.svg","contentUrl":"https:\/\/www.gardenvillagebled.com\/wp-content\/uploads\/hero-pattern.svg"},{"@type":"BreadcrumbList","@id":"https:\/\/www.gardenvillagebled.com\/sl\/politika-zasebnosti\/#breadcrumb","itemListElement":[{"@type":"ListItem","position":1,"name":"Home","item":"https:\/\/www.gardenvillagebled.com\/sl\/"},{"@type":"ListItem","position":2,"name":"Politika zasebnosti"}]},{"@type":"WebSite","@id":"https:\/\/www.gardenvillagebled.com\/sl\/#website","url":"https:\/\/www.gardenvillagebled.com\/sl\/","name":"Garden Village Bled","description":"","publisher":{"@id":"https:\/\/www.gardenvillagebled.com\/sl\/#organization"},"potentialAction":[{"@type":"SearchAction","target":{"@type":"EntryPoint","urlTemplate":"https:\/\/www.gardenvillagebled.com\/sl\/?s={search_term_string}"},"query-input":{"@type":"PropertyValueSpecification","valueRequired":true,"valueName":"search_term_string"}}],"inLanguage":"sl-SI"},{"@type":"Organization","@id":"https:\/\/www.gardenvillagebled.com\/sl\/#organization","name":"Garden Village Bled","url":"https:\/\/www.gardenvillagebled.com\/sl\/","logo":{"@type":"ImageObject","inLanguage":"sl-SI","@id":"https:\/\/www.gardenvillagebled.com\/sl\/#\/schema\/logo\/image\/","url":"https:\/\/www.gardenvillagebled.com\/wp-content\/uploads\/garden_village_symbo_greenl.svg","contentUrl":"https:\/\/www.gardenvillagebled.com\/wp-content\/uploads\/garden_village_symbo_greenl.svg","width":320.9,"height":278,"caption":"Garden Village Bled"},"image":{"@id":"https:\/\/www.gardenvillagebled.com\/sl\/#\/schema\/logo\/image\/"},"sameAs":["https:\/\/www.facebook.com\/GardenVillageBledSlovenia\/"]}]}},"_links":{"self":[{"href":"https:\/\/www.gardenvillagebled.com\/sl\/wp-json\/wp\/v2\/pages\/3571","targetHints":{"allow":["GET"]}}],"collection":[{"href":"https:\/\/www.gardenvillagebled.com\/sl\/wp-json\/wp\/v2\/pages"}],"about":[{"href":"https:\/\/www.gardenvillagebled.com\/sl\/wp-json\/wp\/v2\/types\/page"}],"author":[{"embeddable":true,"href":"https:\/\/www.gardenvillagebled.com\/sl\/wp-json\/wp\/v2\/users\/2"}],"replies":[{"embeddable":true,"href":"https:\/\/www.gardenvillagebled.com\/sl\/wp-json\/wp\/v2\/comments?post=3571"}],"version-history":[{"count":5,"href":"https:\/\/www.gardenvillagebled.com\/sl\/wp-json\/wp\/v2\/pages\/3571\/revisions"}],"predecessor-version":[{"id":4429,"href":"https:\/\/www.gardenvillagebled.com\/sl\/wp-json\/wp\/v2\/pages\/3571\/revisions\/4429"}],"wp:attachment":[{"href":"https:\/\/www.gardenvillagebled.com\/sl\/wp-json\/wp\/v2\/media?parent=3571"}],"curies":[{"name":"wp","href":"https:\/\/api.w.org\/{rel}","templated":true}]}}