{"id":3645,"date":"2024-09-17T14:53:10","date_gmt":"2024-09-17T14:53:10","guid":{"rendered":"https:\/\/www.gardenvillagebled.com\/?page_id=3645"},"modified":"2024-12-12T14:40:40","modified_gmt":"2024-12-12T14:40:40","slug":"geschenkekarte","status":"publish","type":"page","link":"https:\/\/www.gardenvillagebled.com\/de\/geschenkekarte\/","title":{"rendered":"Geschenkekarte"},"content":{"rendered":"\t\t<div data-elementor-type=\"wp-page\" data-elementor-id=\"3645\" class=\"elementor elementor-3645\" data-elementor-post-type=\"page\">\n\t\t\t\t<div class=\"elementor-element elementor-element-7d41c7f e-con-full e-flex e-con e-parent\" data-id=\"7d41c7f\" data-element_type=\"container\" data-e-type=\"container\" data-settings=\"{&quot;background_background&quot;:&quot;classic&quot;,&quot;jet_parallax_layout_list&quot;:[]}\">\n\t\t\t\t<div class=\"elementor-element elementor-element-9c1ebae elementor-widget elementor-widget-image\" data-id=\"9c1ebae\" data-element_type=\"widget\" data-e-type=\"widget\" data-widget_type=\"image.default\">\n\t\t\t\t<div class=\"elementor-widget-container\">\n\t\t\t\t\t\t\t\t\t\t\t\t\t\t\t<img decoding=\"async\" width=\"800\" height=\"27\" src=\"https:\/\/www.gardenvillagebled.com\/wp-content\/uploads\/hero-pattern.svg\" class=\"attachment-large size-large wp-image-2845\" alt=\"\" \/>\t\t\t\t\t\t\t\t\t\t\t\t\t\t\t<\/div>\n\t\t\t\t<\/div>\n\t\t\t\t<\/div>\n\t\t<div class=\"elementor-element elementor-element-415832b container-l-r-padding e-flex e-con-boxed e-con e-parent\" data-id=\"415832b\" data-element_type=\"container\" data-e-type=\"container\" data-settings=\"{&quot;jet_parallax_layout_list&quot;:[]}\">\n\t\t\t\t\t<div class=\"e-con-inner\">\n\t\t\t\t<div class=\"elementor-element elementor-element-26f9d48 elementor-widget elementor-widget-heading\" data-id=\"26f9d48\" data-element_type=\"widget\" data-e-type=\"widget\" data-widget_type=\"heading.default\">\n\t\t\t\t<div class=\"elementor-widget-container\">\n\t\t\t\t\t<h1 class=\"elementor-heading-title elementor-size-default\">Geschenkekarte<\/h1>\t\t\t\t<\/div>\n\t\t\t\t<\/div>\n\t\t\t\t<div class=\"elementor-element elementor-element-d689bb6 elementor-widget elementor-widget-heading\" data-id=\"d689bb6\" data-element_type=\"widget\" data-e-type=\"widget\" data-widget_type=\"heading.default\">\n\t\t\t\t<div class=\"elementor-widget-container\">\n\t\t\t\t\t<h2 class=\"elementor-heading-title elementor-size-default\">Garden Village<\/h2>\t\t\t\t<\/div>\n\t\t\t\t<\/div>\n\t\t\t\t<div class=\"elementor-element elementor-element-7e45511 elementor-widget elementor-widget-text-editor\" data-id=\"7e45511\" data-element_type=\"widget\" data-e-type=\"widget\" data-widget_type=\"text-editor.default\">\n\t\t\t\t<div class=\"elementor-widget-container\">\n\t\t\t\t\t\t\t\t\t<p>Das Erlebnis ist das sch\u00f6nste Geschenk, weil die Erinnerungen f\u00fcr immer bleiben. Eine \u00dcbernachtung im Resort Garden Village Bled oder ein Essen in unserem Restaurant sind unvergessliche Erlebnisse f\u00fcr alle Sinne. Verschenken Sie sie Ihren Liebsten zu deren Jubil\u00e4um, zu einem besonderen Ereignis, als Dank oder einfach nur deswegen, weil es sch\u00f6n ist, angenehme Momente zu teilen.   <\/p>\n\t\t\t\t\t\t\t\t<\/div>\n\t\t\t\t<\/div>\n\t\t\t\t\t<\/div>\n\t\t\t\t<\/div>\n\t\t<div class=\"elementor-element elementor-element-b2a690f container-l-r-padding e-flex e-con-boxed e-con e-parent\" data-id=\"b2a690f\" data-element_type=\"container\" data-e-type=\"container\" data-settings=\"{&quot;jet_parallax_layout_list&quot;:[]}\">\n\t\t\t\t\t<div class=\"e-con-inner\">\n\t\t<div class=\"elementor-element elementor-element-1b4a537 e-con-full e-grid e-con e-child\" data-id=\"1b4a537\" data-element_type=\"container\" data-e-type=\"container\" data-settings=\"{&quot;background_background&quot;:&quot;classic&quot;,&quot;jet_parallax_layout_list&quot;:[]}\">\n\t\t<div class=\"elementor-element elementor-element-8288a26 e-con-full e-flex e-con e-child\" data-id=\"8288a26\" data-element_type=\"container\" data-e-type=\"container\" data-settings=\"{&quot;jet_parallax_layout_list&quot;:[]}\">\n\t\t\t\t<div class=\"elementor-element elementor-element-2ae870c elementor-widget elementor-widget-image\" data-id=\"2ae870c\" data-element_type=\"widget\" data-e-type=\"widget\" data-widget_type=\"image.default\">\n\t\t\t\t<div class=\"elementor-widget-container\">\n\t\t\t\t\t\t\t\t\t\t\t\t\t\t\t<img fetchpriority=\"high\" decoding=\"async\" width=\"800\" height=\"735\" src=\"https:\/\/www.gardenvillagebled.com\/wp-content\/uploads\/GV-darilni-bon.png\" class=\"attachment-large size-large wp-image-3061\" alt=\"\" srcset=\"https:\/\/www.gardenvillagebled.com\/wp-content\/uploads\/GV-darilni-bon.png 962w, https:\/\/www.gardenvillagebled.com\/wp-content\/uploads\/GV-darilni-bon-300x276.png 300w, https:\/\/www.gardenvillagebled.com\/wp-content\/uploads\/GV-darilni-bon-768x706.png 768w\" sizes=\"(max-width: 800px) 100vw, 800px\" \/>\t\t\t\t\t\t\t\t\t\t\t\t\t\t\t<\/div>\n\t\t\t\t<\/div>\n\t\t\t\t<div class=\"elementor-element elementor-element-8539b41 elementor-widget elementor-widget-text-editor\" data-id=\"8539b41\" data-element_type=\"widget\" data-e-type=\"widget\" data-widget_type=\"text-editor.default\">\n\t\t\t\t<div class=\"elementor-widget-container\">\n\t\t\t\t\t\t\t\t\t<p>Nach dem Online-Kauf eines Geschenkgutscheins schicken wir Ihnen eine digitale Version des Gutscheins, den Sie zu Hause ausdrucken und dem Geschenkempf\u00e4nger umgehend schenken k\u00f6nnen. Per Post werden Sie noch den echten Gutschein zugeschickt bekommen, mit dem Sie unsere Leistungen nutzen k\u00f6nnen. Der Gutschein gilt f\u00fcr alle Dienstleistungen in Garden Village Bled (im Resort, Restaurant und Wellness). Der Gutschein kann nicht gegen Bargeld umgetauscht werden.    <\/p>\n\t\t\t\t\t\t\t\t<\/div>\n\t\t\t\t<\/div>\n\t\t\t\t<\/div>\n\t\t<div class=\"elementor-element elementor-element-a8888a1 e-con-full e-flex e-con e-child\" data-id=\"a8888a1\" data-element_type=\"container\" data-e-type=\"container\" data-settings=\"{&quot;jet_parallax_layout_list&quot;:[]}\">\n\t\t\t\t<div class=\"elementor-element elementor-element-818b563 elementor-button-align-stretch elementor-widget elementor-widget-form\" data-id=\"818b563\" data-element_type=\"widget\" data-e-type=\"widget\" data-settings=\"{&quot;step_next_label&quot;:&quot;Weiter&quot;,&quot;step_previous_label&quot;:&quot;Zur\\u00fcck&quot;,&quot;button_width&quot;:&quot;100&quot;,&quot;step_type&quot;:&quot;number_text&quot;,&quot;step_icon_shape&quot;:&quot;circle&quot;}\" data-widget_type=\"form.default\">\n\t\t\t\t<div class=\"elementor-widget-container\">\n\t\t\t\t\t\t\t<form class=\"elementor-form\" method=\"post\" name=\"Geschenkekarte Form\" aria-label=\"Geschenkekarte Form\">\n\t\t\t<input type=\"hidden\" name=\"post_id\" value=\"3645\"\/>\n\t\t\t<input type=\"hidden\" name=\"form_id\" value=\"818b563\"\/>\n\t\t\t<input type=\"hidden\" name=\"referer_title\" value=\"Geschenkekarte | Garden Village Bled - Ein Geschenk der Natur\" \/>\n\n\t\t\t\t\t\t\t<input type=\"hidden\" name=\"queried_id\" value=\"3645\"\/>\n\t\t\t\n\t\t\t<div class=\"elementor-form-fields-wrapper elementor-labels-above\">\n\t\t\t\t\t\t\t\t<div class=\"elementor-field-type-number elementor-field-group elementor-column elementor-field-group-value elementor-col-100 elementor-field-required\">\n\t\t\t\t\t\t\t\t\t\t\t\t<label for=\"form-field-value\" class=\"elementor-field-label\">\n\t\t\t\t\t\t\t\tWert ausw\u00e4hlen\t\t\t\t\t\t\t<\/label>\n\t\t\t\t\t\t\t\t\t<input type=\"number\" name=\"form_fields[value]\" id=\"form-field-value\" class=\"elementor-field elementor-size-sm  elementor-field-textual\" required=\"required\" min=\"50\" max=\"1000\" >\n\t\t\t\t\t\t<\/div>\n\t\t\t\t\t\t\t\t<div class=\"elementor-field-type-textarea elementor-field-group elementor-column elementor-field-group-message elementor-col-100\">\n\t\t\t\t\t\t\t\t\t\t\t\t<label for=\"form-field-message\" class=\"elementor-field-label\">\n\t\t\t\t\t\t\t\tPersonal message\t\t\t\t\t\t\t<\/label>\n\t\t\t\t\t\t<textarea class=\"elementor-field-textual elementor-field  elementor-size-sm\" name=\"form_fields[message]\" id=\"form-field-message\" rows=\"4\"><\/textarea>\t\t\t\t<\/div>\n\t\t\t\t\t\t\t\t<div class=\"elementor-field-group elementor-column elementor-field-type-submit elementor-col-100 e-form__buttons\">\n\t\t\t\t\t<button class=\"elementor-button elementor-size-sm\" type=\"submit\">\n\t\t\t\t\t\t<span class=\"elementor-button-content-wrapper\">\n\t\t\t\t\t\t\t\t\t\t\t\t\t\t\t\t\t\t\t\t\t\t<span class=\"elementor-button-text\">Senden<\/span>\n\t\t\t\t\t\t\t\t\t\t\t\t\t<\/span>\n\t\t\t\t\t<\/button>\n\t\t\t\t<\/div>\n\t\t\t<\/div>\n\t\t<\/form>\n\t\t\t\t\t\t<\/div>\n\t\t\t\t<\/div>\n\t\t\t\t<\/div>\n\t\t\t\t<\/div>\n\t\t\t\t\t<\/div>\n\t\t\t\t<\/div>\n\t\t\t\t<\/div>\n\t\t","protected":false},"excerpt":{"rendered":"<p>Geschenkekarte Garden Village Das Erlebnis ist das sch\u00f6nste Geschenk, weil die Erinnerungen f\u00fcr immer bleiben. Eine \u00dcbernachtung im Resort Garden Village Bled oder ein Essen in unserem Restaurant sind unvergessliche Erlebnisse f\u00fcr alle Sinne. Verschenken Sie sie Ihren Liebsten zu deren Jubil\u00e4um, zu einem besonderen Ereignis, als Dank oder einfach nur deswegen, weil es sch\u00f6n [&hellip;]<\/p>\n","protected":false},"author":2,"featured_media":0,"parent":0,"menu_order":0,"comment_status":"closed","ping_status":"closed","template":"","meta":{"footnotes":""},"class_list":["post-3645","page","type-page","status-publish","hentry"],"yoast_head":"<!-- This site is optimized with the Yoast SEO plugin v26.9 - https:\/\/yoast.com\/product\/yoast-seo-wordpress\/ -->\n<title>Geschenkekarte | Garden Village Bled - Ein Geschenk der Natur<\/title>\n<meta name=\"description\" content=\"Schenken Sie ein unvergessliches Erlebnis im Garden Village Bled, das perfekte Geschenk f\u00fcr besondere Momente in der Natur.\" \/>\n<meta name=\"robots\" content=\"index, follow, max-snippet:-1, max-image-preview:large, max-video-preview:-1\" \/>\n<link rel=\"canonical\" href=\"https:\/\/www.gardenvillagebled.com\/de\/geschenkekarte\/\" \/>\n<meta property=\"og:locale\" content=\"de_DE\" \/>\n<meta property=\"og:type\" content=\"article\" \/>\n<meta property=\"og:title\" content=\"Geschenkekarte | Garden Village Bled - Ein Geschenk der Natur\" \/>\n<meta property=\"og:description\" content=\"Schenken Sie ein unvergessliches Erlebnis im Garden Village Bled, das perfekte Geschenk f\u00fcr besondere Momente in der Natur.\" \/>\n<meta property=\"og:url\" content=\"https:\/\/www.gardenvillagebled.com\/de\/geschenkekarte\/\" \/>\n<meta property=\"og:site_name\" content=\"Garden Village Bled\" \/>\n<meta property=\"article:publisher\" content=\"https:\/\/www.facebook.com\/GardenVillageBledSlovenia\/\" \/>\n<meta property=\"article:modified_time\" content=\"2024-12-12T14:40:40+00:00\" \/>\n<meta property=\"og:image\" content=\"https:\/\/www.gardenvillagebled.com\/wp-content\/uploads\/hero-pattern.svg\" \/>\n<meta name=\"twitter:card\" content=\"summary_large_image\" \/>\n<meta name=\"twitter:label1\" content=\"Gesch\u00e4tzte Lesezeit\" \/>\n\t<meta name=\"twitter:data1\" content=\"1\u00a0Minute\" \/>\n<script type=\"application\/ld+json\" class=\"yoast-schema-graph\">{\"@context\":\"https:\/\/schema.org\",\"@graph\":[{\"@type\":\"WebPage\",\"@id\":\"https:\/\/www.gardenvillagebled.com\/de\/geschenkekarte\/\",\"url\":\"https:\/\/www.gardenvillagebled.com\/de\/geschenkekarte\/\",\"name\":\"Geschenkekarte | Garden Village Bled - Ein Geschenk der Natur\",\"isPartOf\":{\"@id\":\"https:\/\/www.gardenvillagebled.com\/de\/#website\"},\"primaryImageOfPage\":{\"@id\":\"https:\/\/www.gardenvillagebled.com\/de\/geschenkekarte\/#primaryimage\"},\"image\":{\"@id\":\"https:\/\/www.gardenvillagebled.com\/de\/geschenkekarte\/#primaryimage\"},\"thumbnailUrl\":\"https:\/\/www.gardenvillagebled.com\/wp-content\/uploads\/hero-pattern.svg\",\"datePublished\":\"2024-09-17T14:53:10+00:00\",\"dateModified\":\"2024-12-12T14:40:40+00:00\",\"description\":\"Schenken Sie ein unvergessliches Erlebnis im Garden Village Bled, das perfekte Geschenk f\u00fcr besondere Momente in der Natur.\",\"breadcrumb\":{\"@id\":\"https:\/\/www.gardenvillagebled.com\/de\/geschenkekarte\/#breadcrumb\"},\"inLanguage\":\"de\",\"potentialAction\":[{\"@type\":\"ReadAction\",\"target\":[\"https:\/\/www.gardenvillagebled.com\/de\/geschenkekarte\/\"]}]},{\"@type\":\"ImageObject\",\"inLanguage\":\"de\",\"@id\":\"https:\/\/www.gardenvillagebled.com\/de\/geschenkekarte\/#primaryimage\",\"url\":\"https:\/\/www.gardenvillagebled.com\/wp-content\/uploads\/hero-pattern.svg\",\"contentUrl\":\"https:\/\/www.gardenvillagebled.com\/wp-content\/uploads\/hero-pattern.svg\"},{\"@type\":\"BreadcrumbList\",\"@id\":\"https:\/\/www.gardenvillagebled.com\/de\/geschenkekarte\/#breadcrumb\",\"itemListElement\":[{\"@type\":\"ListItem\",\"position\":1,\"name\":\"Home\",\"item\":\"https:\/\/www.gardenvillagebled.com\/de\/\"},{\"@type\":\"ListItem\",\"position\":2,\"name\":\"Geschenkekarte\"}]},{\"@type\":\"WebSite\",\"@id\":\"https:\/\/www.gardenvillagebled.com\/de\/#website\",\"url\":\"https:\/\/www.gardenvillagebled.com\/de\/\",\"name\":\"Garden Village Bled\",\"description\":\"\",\"publisher\":{\"@id\":\"https:\/\/www.gardenvillagebled.com\/de\/#organization\"},\"potentialAction\":[{\"@type\":\"SearchAction\",\"target\":{\"@type\":\"EntryPoint\",\"urlTemplate\":\"https:\/\/www.gardenvillagebled.com\/de\/?s={search_term_string}\"},\"query-input\":{\"@type\":\"PropertyValueSpecification\",\"valueRequired\":true,\"valueName\":\"search_term_string\"}}],\"inLanguage\":\"de\"},{\"@type\":\"Organization\",\"@id\":\"https:\/\/www.gardenvillagebled.com\/de\/#organization\",\"name\":\"Garden Village Bled\",\"url\":\"https:\/\/www.gardenvillagebled.com\/de\/\",\"logo\":{\"@type\":\"ImageObject\",\"inLanguage\":\"de\",\"@id\":\"https:\/\/www.gardenvillagebled.com\/de\/#\/schema\/logo\/image\/\",\"url\":\"https:\/\/www.gardenvillagebled.com\/wp-content\/uploads\/garden_village_symbo_greenl.svg\",\"contentUrl\":\"https:\/\/www.gardenvillagebled.com\/wp-content\/uploads\/garden_village_symbo_greenl.svg\",\"width\":320.9,\"height\":278,\"caption\":\"Garden Village Bled\"},\"image\":{\"@id\":\"https:\/\/www.gardenvillagebled.com\/de\/#\/schema\/logo\/image\/\"},\"sameAs\":[\"https:\/\/www.facebook.com\/GardenVillageBledSlovenia\/\"]}]}<\/script>\n<!-- \/ Yoast SEO plugin. -->","yoast_head_json":{"title":"Geschenkekarte | Garden Village Bled - Ein Geschenk der Natur","description":"Schenken Sie ein unvergessliches Erlebnis im Garden Village Bled, das perfekte Geschenk f\u00fcr besondere Momente in der Natur.","robots":{"index":"index","follow":"follow","max-snippet":"max-snippet:-1","max-image-preview":"max-image-preview:large","max-video-preview":"max-video-preview:-1"},"canonical":"https:\/\/www.gardenvillagebled.com\/de\/geschenkekarte\/","og_locale":"de_DE","og_type":"article","og_title":"Geschenkekarte | Garden Village Bled - Ein Geschenk der Natur","og_description":"Schenken Sie ein unvergessliches Erlebnis im Garden Village Bled, das perfekte Geschenk f\u00fcr besondere Momente in der Natur.","og_url":"https:\/\/www.gardenvillagebled.com\/de\/geschenkekarte\/","og_site_name":"Garden Village Bled","article_publisher":"https:\/\/www.facebook.com\/GardenVillageBledSlovenia\/","article_modified_time":"2024-12-12T14:40:40+00:00","og_image":[{"url":"https:\/\/www.gardenvillagebled.com\/wp-content\/uploads\/hero-pattern.svg","type":"","width":"","height":""}],"twitter_card":"summary_large_image","twitter_misc":{"Gesch\u00e4tzte Lesezeit":"1\u00a0Minute"},"schema":{"@context":"https:\/\/schema.org","@graph":[{"@type":"WebPage","@id":"https:\/\/www.gardenvillagebled.com\/de\/geschenkekarte\/","url":"https:\/\/www.gardenvillagebled.com\/de\/geschenkekarte\/","name":"Geschenkekarte | Garden Village Bled - Ein Geschenk der Natur","isPartOf":{"@id":"https:\/\/www.gardenvillagebled.com\/de\/#website"},"primaryImageOfPage":{"@id":"https:\/\/www.gardenvillagebled.com\/de\/geschenkekarte\/#primaryimage"},"image":{"@id":"https:\/\/www.gardenvillagebled.com\/de\/geschenkekarte\/#primaryimage"},"thumbnailUrl":"https:\/\/www.gardenvillagebled.com\/wp-content\/uploads\/hero-pattern.svg","datePublished":"2024-09-17T14:53:10+00:00","dateModified":"2024-12-12T14:40:40+00:00","description":"Schenken Sie ein unvergessliches Erlebnis im Garden Village Bled, das perfekte Geschenk f\u00fcr besondere Momente in der Natur.","breadcrumb":{"@id":"https:\/\/www.gardenvillagebled.com\/de\/geschenkekarte\/#breadcrumb"},"inLanguage":"de","potentialAction":[{"@type":"ReadAction","target":["https:\/\/www.gardenvillagebled.com\/de\/geschenkekarte\/"]}]},{"@type":"ImageObject","inLanguage":"de","@id":"https:\/\/www.gardenvillagebled.com\/de\/geschenkekarte\/#primaryimage","url":"https:\/\/www.gardenvillagebled.com\/wp-content\/uploads\/hero-pattern.svg","contentUrl":"https:\/\/www.gardenvillagebled.com\/wp-content\/uploads\/hero-pattern.svg"},{"@type":"BreadcrumbList","@id":"https:\/\/www.gardenvillagebled.com\/de\/geschenkekarte\/#breadcrumb","itemListElement":[{"@type":"ListItem","position":1,"name":"Home","item":"https:\/\/www.gardenvillagebled.com\/de\/"},{"@type":"ListItem","position":2,"name":"Geschenkekarte"}]},{"@type":"WebSite","@id":"https:\/\/www.gardenvillagebled.com\/de\/#website","url":"https:\/\/www.gardenvillagebled.com\/de\/","name":"Garden Village Bled","description":"","publisher":{"@id":"https:\/\/www.gardenvillagebled.com\/de\/#organization"},"potentialAction":[{"@type":"SearchAction","target":{"@type":"EntryPoint","urlTemplate":"https:\/\/www.gardenvillagebled.com\/de\/?s={search_term_string}"},"query-input":{"@type":"PropertyValueSpecification","valueRequired":true,"valueName":"search_term_string"}}],"inLanguage":"de"},{"@type":"Organization","@id":"https:\/\/www.gardenvillagebled.com\/de\/#organization","name":"Garden Village Bled","url":"https:\/\/www.gardenvillagebled.com\/de\/","logo":{"@type":"ImageObject","inLanguage":"de","@id":"https:\/\/www.gardenvillagebled.com\/de\/#\/schema\/logo\/image\/","url":"https:\/\/www.gardenvillagebled.com\/wp-content\/uploads\/garden_village_symbo_greenl.svg","contentUrl":"https:\/\/www.gardenvillagebled.com\/wp-content\/uploads\/garden_village_symbo_greenl.svg","width":320.9,"height":278,"caption":"Garden Village Bled"},"image":{"@id":"https:\/\/www.gardenvillagebled.com\/de\/#\/schema\/logo\/image\/"},"sameAs":["https:\/\/www.facebook.com\/GardenVillageBledSlovenia\/"]}]}},"_links":{"self":[{"href":"https:\/\/www.gardenvillagebled.com\/de\/wp-json\/wp\/v2\/pages\/3645","targetHints":{"allow":["GET"]}}],"collection":[{"href":"https:\/\/www.gardenvillagebled.com\/de\/wp-json\/wp\/v2\/pages"}],"about":[{"href":"https:\/\/www.gardenvillagebled.com\/de\/wp-json\/wp\/v2\/types\/page"}],"author":[{"embeddable":true,"href":"https:\/\/www.gardenvillagebled.com\/de\/wp-json\/wp\/v2\/users\/2"}],"replies":[{"embeddable":true,"href":"https:\/\/www.gardenvillagebled.com\/de\/wp-json\/wp\/v2\/comments?post=3645"}],"version-history":[{"count":3,"href":"https:\/\/www.gardenvillagebled.com\/de\/wp-json\/wp\/v2\/pages\/3645\/revisions"}],"predecessor-version":[{"id":3708,"href":"https:\/\/www.gardenvillagebled.com\/de\/wp-json\/wp\/v2\/pages\/3645\/revisions\/3708"}],"wp:attachment":[{"href":"https:\/\/www.gardenvillagebled.com\/de\/wp-json\/wp\/v2\/media?parent=3645"}],"curies":[{"name":"wp","href":"https:\/\/api.w.org\/{rel}","templated":true}]}}